{"id":2668,"date":"2024-04-19T15:28:41","date_gmt":"2024-04-19T13:28:41","guid":{"rendered":"http:\/\/s1082595547.online.de\/?page_id=2668"},"modified":"2024-05-22T13:39:09","modified_gmt":"2024-05-22T11:39:09","slug":"aviso-legal","status":"publish","type":"page","link":"https:\/\/schwarz-translation.de\/es\/aviso-legal\/","title":{"rendered":"Aviso legal"},"content":{"rendered":"<section class=\"l-section wpb_row height_medium\"><div class=\"l-section-h i-cf\"><div class=\"g-cols vc_row via_flex valign_top type_default stacking_default\"><div class=\"vc_col-sm-12 wpb_column vc_column_container\"><div class=\"vc_column-inner\"><div class=\"wpb_wrapper\"><div class=\"wpb_text_column\"><div class=\"wpb_wrapper\"><h1>Impressum<\/h1>\n<p><strong>Angaben gem\u00e4\u00df \u00a7 5 TMG:<\/strong><\/p>\n<p>Jacqueline Schwarz<br \/>\n\u00dcbersetzerin (M.A.)<\/p>\n<p>H\u00fcgelweg 8<br \/>\n75328 Sch\u00f6mberg<\/p>\n<p>Telefon: <a href=\"tel:+4917670708566\">+49 176 70 708 566<\/a><br \/>\nE-Mail: <a href=\"mailto:info@schwarz-translation.de\">info@schwarz-translation.de<\/a><\/p>\n<p>\u00d6ffentlich bestellte und beeidigte Urkunden\u00fcbersetzerin der englischen Sprache f\u00fcr Baden-W\u00fcrttemberg (Beeidigung durch das Landgericht Mannheim am 29.07.2015)<\/p>\n<p>\u00d6ffentlich bestellte und beeidigte Urkunden\u00fcbersetzerin der spanischen Sprache f\u00fcr Baden-W\u00fcrttemberg (Beeidigung durch das Landgericht Heilbronn am 18.08.2017)<\/p>\n<p>Umsatzsteuer-Identifikationsnummer gem\u00e4\u00df \u00a7 27a Umsatzsteuergesetz: DE313429164<\/p>\n<p>Verm\u00f6gensschadenhaftpflichtversicherung bei Markel International Insurance Company Ltd., M\u00fcnchen. Geltungsbereich: weltweit, mit Einschr\u00e4nkungen f\u00fcr USA\/Kanada<\/p>\n<p>Online-Streitbeilegung:<\/p>\n<p>Die Plattform zur Online-Streitbeilegung der EU-Kommission finden Sie unter <a href=\"http:\/\/ec.europa.eu\/consumers\/odr\">http:\/\/ec.europa.eu\/consumers\/odr<\/a>.<\/p>\n<p>Ich bin zur Teilnahme an einem Streitbeilegungsverfahren vor einer Verbraucherschlichtungsstelle nicht verpflichtet und grunds\u00e4tzlich nicht bereit.<\/p>\n<p>Webdesign und Umsetzung: <a href=\"https:\/\/www.szanto-medien.de\/\">SZANTO MEDIEN<\/a><\/p>\n<p>Fotos: <a href=\"http:\/\/www.erichbenz.com\">Erich Benz<\/a><\/p>\n<\/div><\/div><\/div><\/div><\/div><\/div><\/div><\/section>\n","protected":false},"excerpt":{"rendered":"Impressum Angaben gem\u00e4\u00df \u00a7 5 TMG: Jacqueline Schwarz \u00dcbersetzerin (M.A.) H\u00fcgelweg 8 75328 Sch\u00f6mberg Telefon: +49 176 70 708 566 E-Mail: info@schwarz-translation.de \u00d6ffentlich bestellte und beeidigte Urkunden\u00fcbersetzerin der englischen Sprache f\u00fcr Baden-W\u00fcrttemberg (Beeidigung durch das Landgericht Mannheim am 29.07.2015) \u00d6ffentlich bestellte und beeidigte Urkunden\u00fcbersetzerin der spanischen Sprache f\u00fcr Baden-W\u00fcrttemberg (Beeidigung durch das Landgericht Heilbronn am...","protected":false},"author":1,"featured_media":0,"parent":0,"menu_order":0,"comment_status":"closed","ping_status":"closed","template":"","meta":{"footnotes":""},"class_list":["post-2668","page","type-page","status-publish","hentry"],"aioseo_notices":[],"_links":{"self":[{"href":"https:\/\/schwarz-translation.de\/es\/wp-json\/wp\/v2\/pages\/2668","targetHints":{"allow":["GET"]}}],"collection":[{"href":"https:\/\/schwarz-translation.de\/es\/wp-json\/wp\/v2\/pages"}],"about":[{"href":"https:\/\/schwarz-translation.de\/es\/wp-json\/wp\/v2\/types\/page"}],"author":[{"embeddable":true,"href":"https:\/\/schwarz-translation.de\/es\/wp-json\/wp\/v2\/users\/1"}],"replies":[{"embeddable":true,"href":"https:\/\/schwarz-translation.de\/es\/wp-json\/wp\/v2\/comments?post=2668"}],"version-history":[{"count":3,"href":"https:\/\/schwarz-translation.de\/es\/wp-json\/wp\/v2\/pages\/2668\/revisions"}],"predecessor-version":[{"id":2694,"href":"https:\/\/schwarz-translation.de\/es\/wp-json\/wp\/v2\/pages\/2668\/revisions\/2694"}],"wp:attachment":[{"href":"https:\/\/schwarz-translation.de\/es\/wp-json\/wp\/v2\/media?parent=2668"}],"curies":[{"name":"wp","href":"https:\/\/api.w.org\/{rel}","templated":true}]}}